{"id":2195,"date":"2020-06-10T17:27:02","date_gmt":"2020-06-10T15:27:02","guid":{"rendered":"https:\/\/www.habitatgebadalona2027.cat\/contacto\/"},"modified":"2026-03-19T12:43:10","modified_gmt":"2026-03-19T11:43:10","slug":"contacto","status":"publish","type":"page","link":"https:\/\/www.habitatgebadalona2027.cat\/es\/contacto\/","title":{"rendered":"Contacto"},"content":{"rendered":"<p><div class=\"fusion-fullwidth fullwidth-box fusion-builder-row-1 fusion-flex-container nonhundred-percent-fullwidth non-hundred-percent-height-scrolling\" style=\"--awb-border-radius-top-left:0px;--awb-border-radius-top-right:0px;--awb-border-radius-bottom-right:0px;--awb-border-radius-bottom-left:0px;--awb-padding-top:125px;--awb-padding-bottom:0px;--awb-padding-top-medium:50px;--awb-padding-bottom-medium:50px;--awb-padding-top-small:50px;--awb-padding-right-small:15px;--awb-padding-bottom-small:50px;--awb-padding-left-small:15px;--awb-margin-bottom-small:0px;--awb-background-color:var(--awb-color2);--awb-flex-wrap:wrap;\" ><div class=\"fusion-builder-row fusion-row fusion-flex-align-items-stretch fusion-flex-justify-content-center fusion-flex-content-wrap\" style=\"max-width:1397.4px;margin-left: calc(-2% \/ 2 );margin-right: calc(-2% \/ 2 );\"><div class=\"fusion-layout-column fusion_builder_column fusion-builder-column-0 fusion_builder_column_4_5 4_5 fusion-flex-column\" style=\"--awb-bg-size:cover;--awb-width-large:80%;--awb-margin-top-large:0px;--awb-spacing-right-large:1.225%;--awb-margin-bottom-large:0px;--awb-spacing-left-large:1.225%;--awb-width-medium:80%;--awb-order-medium:0;--awb-spacing-right-medium:1.225%;--awb-spacing-left-medium:1.225%;--awb-width-small:100%;--awb-order-small:0;--awb-spacing-right-small:0.98%;--awb-margin-bottom-small:0px;--awb-spacing-left-small:0.98%;\"><div class=\"fusion-column-wrapper fusion-column-has-shadow fusion-flex-justify-content-flex-start fusion-content-layout-column\"><div class=\"fusion-title title fusion-title-1 fusion-sep-none fusion-title-center fusion-title-text fusion-title-size-one titulo1\" style=\"--awb-font-size:42px;\"><h1 class=\"fusion-title-heading title-heading-center fusion-responsive-typography-calculated\" style=\"font-family:var(--awb-typography1-font-family);font-weight:var(--awb-typography1-font-weight);font-style:var(--awb-typography1-font-style);margin:0;letter-spacing:var(--awb-typography1-letter-spacing);text-transform:var(--awb-typography1-text-transform);font-size:1em;--fontSize:42;line-height:1.2;\">Contacto<\/h1><\/div><\/div><\/div><\/div><\/div><div class=\"fusion-fullwidth fullwidth-box fusion-builder-row-2 fusion-flex-container has-pattern-background has-mask-background nonhundred-percent-fullwidth non-hundred-percent-height-scrolling\" style=\"--awb-border-radius-top-left:0px;--awb-border-radius-top-right:0px;--awb-border-radius-bottom-right:0px;--awb-border-radius-bottom-left:0px;--awb-padding-top:125px;--awb-padding-bottom:125px;--awb-padding-top-medium:0px;--awb-padding-bottom-medium:50px;--awb-flex-wrap:wrap;\" ><div class=\"fusion-builder-row fusion-row fusion-flex-align-items-stretch fusion-flex-content-wrap\" style=\"max-width:1397.4px;margin-left: calc(-2% \/ 2 );margin-right: calc(-2% \/ 2 );\"><div class=\"fusion-layout-column fusion_builder_column fusion-builder-column-1 fusion-flex-column\" style=\"--awb-padding-top:60px;--awb-padding-right:60px;--awb-padding-bottom:60px;--awb-padding-left:60px;--awb-padding-top-small:30px;--awb-padding-right-small:15px;--awb-padding-bottom-small:30px;--awb-padding-left-small:15px;--awb-bg-color:var(--awb-color1);--awb-bg-color-hover:var(--awb-color1);--awb-bg-position:right top;--awb-bg-size:cover;--awb-width-large:40%;--awb-margin-top-large:0px;--awb-spacing-right-large:2.45%;--awb-margin-bottom-large:0px;--awb-spacing-left-large:2.45%;--awb-width-medium:40%;--awb-order-medium:0;--awb-spacing-right-medium:2.45%;--awb-spacing-left-medium:2.45%;--awb-width-small:100%;--awb-order-small:0;--awb-spacing-right-small:0.98%;--awb-spacing-left-small:0.98%;\"><div class=\"fusion-column-wrapper fusion-column-has-shadow fusion-flex-justify-content-flex-start fusion-content-layout-column\"><div class=\"fusion-title title fusion-title-2 fusion-sep-none fusion-title-text fusion-title-size-three titulo3\" style=\"--awb-font-size:22px;\"><h3 class=\"fusion-title-heading title-heading-left fusion-responsive-typography-calculated\" style=\"font-family:var(--awb-typography1-font-family);font-weight:var(--awb-typography1-font-weight);font-style:var(--awb-typography1-font-style);margin:0;letter-spacing:var(--awb-typography1-letter-spacing);text-transform:none;font-size:1em;--fontSize:22;--minFontSize:22;line-height:var(--awb-typography1-line-height);\">Direcci\u00f3n<\/h3><\/div><div class=\"fusion-text fusion-text-1 textop\"><p>Avenida Alfons XIII esquina calle Ponent (Pabell\u00f3n Ol\u00edmpico) 08912 Badalona<\/p>\n<\/div><div class=\"fusion-separator fusion-full-width-sep\" style=\"align-self: center;margin-left: auto;margin-right: auto;margin-top:5px;margin-bottom:25px;width:100%;\"><div class=\"fusion-separator-border sep-single sep-dashed\" style=\"--awb-height:20px;--awb-amount:20px;border-color:var(--awb-color3);border-top-width:1px;\"><\/div><\/div><div class=\"fusion-title title fusion-title-3 fusion-sep-none fusion-title-text fusion-title-size-three titulo3\" style=\"--awb-font-size:22px;\"><h3 class=\"fusion-title-heading title-heading-left fusion-responsive-typography-calculated\" style=\"font-family:var(--awb-typography1-font-family);font-weight:var(--awb-typography1-font-weight);font-style:var(--awb-typography1-font-style);margin:0;letter-spacing:var(--awb-typography1-letter-spacing);text-transform:none;font-size:1em;--fontSize:22;--minFontSize:22;line-height:var(--awb-typography1-line-height);\">Tel\u00e9fono<\/h3><\/div><div class=\"fusion-text fusion-text-2 textop\"><p><a href=\"tel:934610418\">934 610 418<\/a><\/p>\n<\/div><div class=\"fusion-separator fusion-full-width-sep\" style=\"align-self: center;margin-left: auto;margin-right: auto;margin-top:5px;margin-bottom:25px;width:100%;\"><div class=\"fusion-separator-border sep-single sep-dashed\" style=\"--awb-height:20px;--awb-amount:20px;border-color:var(--awb-color3);border-top-width:1px;\"><\/div><\/div><div class=\"fusion-title title fusion-title-4 fusion-sep-none fusion-title-text fusion-title-size-three titulo3\" style=\"--awb-font-size:22px;\"><h3 class=\"fusion-title-heading title-heading-left fusion-responsive-typography-calculated\" style=\"font-family:var(--awb-typography1-font-family);font-weight:var(--awb-typography1-font-weight);font-style:var(--awb-typography1-font-style);margin:0;letter-spacing:var(--awb-typography1-letter-spacing);text-transform:none;font-size:1em;--fontSize:22;--minFontSize:22;line-height:var(--awb-typography1-line-height);\">Horario<\/h3><\/div><div class=\"fusion-text fusion-text-3 textop\"><p>De<strong> lunes a viernes ma\u00f1ana<\/strong> de 08:30 ha 14:00 h.<br \/><strong>Jueves tarde<\/strong> de 16:00 h a 18:30 h.<\/p>\n<p><strong>Horario de verano<\/strong> (junio, julio, agosto y septiembre)<br \/><strong>Ma\u00f1ana: de lunes a viernes<\/strong> de 8:30 h a 14:00 h.<\/p>\n<\/div><div class=\"fusion-separator fusion-full-width-sep\" style=\"align-self: center;margin-left: auto;margin-right: auto;margin-top:5px;margin-bottom:25px;width:100%;\"><div class=\"fusion-separator-border sep-single sep-dashed\" style=\"--awb-height:20px;--awb-amount:20px;border-color:var(--awb-color3);border-top-width:1px;\"><\/div><\/div><div class=\"fusion-title title fusion-title-5 fusion-sep-none fusion-title-text fusion-title-size-three titulo3\" style=\"--awb-font-size:22px;\"><h3 class=\"fusion-title-heading title-heading-left fusion-responsive-typography-calculated\" style=\"font-family:var(--awb-typography1-font-family);font-weight:var(--awb-typography1-font-weight);font-style:var(--awb-typography1-font-style);margin:0;letter-spacing:var(--awb-typography1-letter-spacing);text-transform:none;font-size:1em;--fontSize:22;--minFontSize:22;line-height:var(--awb-typography1-line-height);\">Email<\/h3><\/div><div class=\"fusion-text fusion-text-4 fusion-text-no-margin textop\" style=\"--awb-margin-bottom:0px;\"><p><a href=\"mailto:habitatgebadalona@engestur.cat\">habitatgebadalona@engestur.cat<\/a><\/p>\n<\/div><\/div><\/div><div class=\"fusion-layout-column fusion_builder_column fusion-builder-column-2 fusion-flex-column\" style=\"--awb-bg-size:cover;--awb-width-large:60%;--awb-margin-top-large:0px;--awb-spacing-right-large:1.6333333333333%;--awb-margin-bottom-large:0px;--awb-spacing-left-large:1.6333333333333%;--awb-width-medium:60%;--awb-order-medium:0;--awb-spacing-right-medium:1.6333333333333%;--awb-spacing-left-medium:1.6333333333333%;--awb-width-small:100%;--awb-order-small:0;--awb-spacing-right-small:0.98%;--awb-spacing-left-small:0.98%;\"><div class=\"fusion-column-wrapper fusion-column-has-shadow fusion-flex-justify-content-flex-start fusion-content-layout-column\"><div style=\"--awb-height:900px;--awb-popup-title-font-size:24px;--awb-popup-title-line-height:var(--awb-typography1-line-height);--awb-popup-title-letter-spacing:var(--awb-typography1-letter-spacing);--awb-popup-title-text-transform:var(--awb-typography1-text-transform);--awb-popup-title-margin-top:20px;--awb-popup-title-margin-bottom:10px;--awb-popup-title-font-family:var(--awb-typography1-font-family);--awb-popup-title-font-weight:var(--awb-typography1-font-weight);--awb-popup-title-font-style:var(--awb-typography1-font-style);\" class=\"awb-openstreet-map awb-openstreet-map-1\" data-map-style=\"carto-db\" data-map-type=\"marker\" data-zoom=\"14\" data-zoomsnap=\"0.7\" data-zoomcontrol=\"1\" data-scrollwheelzoom=\"1\" data-dragging=\"1\" data-touchzoom=\"1\" data-dbclickzoom=\"1\" data-fitbounds=\"1\" data-shape-color=\"rgba(160,213,224,1)\" data-shape-weight=\"3\"><div class=\"awb-openstreet-map-marker awb-openstreet-map-marker-1\" data-latitude=\"41.442562\" data-longitude=\"2.232737\" data-icon=\"awb-tattoo-map-marker-alt-solid\" data-action=\"static_close_on\"><div class=\"awb-openstreet-map-marker-icon-wrapper\" style=\"--awb-size:24px;\"><i class=\"awb-tattoo-map-marker-alt-solid\"><\/i><\/div><div class=\"awb-openstreet-map-content-wrapper\"><h5 class=\"awb-openstreet-map-marker-title\">Oficina Local Vivienda Badalona<\/h5><div class=\"awb-openstreet-map-marker-content\">Carrer de Ponent, 1, 08912 Badalona, Barcelona<\/div><\/div><\/div><\/div><\/div><\/div><\/div><\/div><\/p>\n","protected":false},"excerpt":{"rendered":"","protected":false},"author":1,"featured_media":0,"parent":0,"menu_order":0,"comment_status":"closed","ping_status":"closed","template":"100-width.php","meta":{"footnotes":""},"class_list":["post-2195","page","type-page","status-publish","hentry"],"yoast_head":"<!-- This site is optimized with the Yoast SEO plugin v26.4 - https:\/\/yoast.com\/wordpress\/plugins\/seo\/ -->\n<title>Contacto Viviendas de Protecci\u00f3n Oficial | Badalona<\/title>\n<meta name=\"description\" content=\"Contacte con el servicio de viviendas con protecci\u00f3n oficial de Badalona para resolver dudas, tr\u00e1mites e informaci\u00f3n de acceso.\" \/>\n<meta name=\"robots\" content=\"index, follow, max-snippet:-1, max-image-preview:large, max-video-preview:-1\" \/>\n<link rel=\"canonical\" href=\"https:\/\/www.habitatgebadalona2027.cat\/es\/contacto\/\" \/>\n<meta property=\"og:locale\" content=\"es_ES\" \/>\n<meta property=\"og:type\" content=\"article\" \/>\n<meta property=\"og:title\" content=\"Contacto Viviendas de Protecci\u00f3n Oficial | Badalona\" \/>\n<meta property=\"og:description\" content=\"Contacte con el servicio de viviendas con protecci\u00f3n oficial de Badalona para resolver dudas, tr\u00e1mites e informaci\u00f3n de acceso.\" \/>\n<meta property=\"og:url\" content=\"https:\/\/www.habitatgebadalona2027.cat\/es\/contacto\/\" \/>\n<meta property=\"og:site_name\" content=\"habitatgebadalona2027\" \/>\n<meta property=\"article:modified_time\" content=\"2026-03-19T11:43:10+00:00\" \/>\n<meta property=\"og:image\" content=\"https:\/\/www.habitatgebadalona2027.cat\/wp-content\/uploads\/2025\/10\/City-of-Badalona.webp\" \/>\n\t<meta property=\"og:image:width\" content=\"1623\" \/>\n\t<meta property=\"og:image:height\" content=\"649\" \/>\n\t<meta property=\"og:image:type\" content=\"image\/webp\" \/>\n<meta name=\"twitter:card\" content=\"summary_large_image\" \/>\n<meta name=\"twitter:label1\" content=\"Tiempo de lectura\" \/>\n\t<meta name=\"twitter:data1\" content=\"12 minutos\" \/>\n<script type=\"application\/ld+json\" class=\"yoast-schema-graph\">{\"@context\":\"https:\/\/schema.org\",\"@graph\":[{\"@type\":\"WebPage\",\"@id\":\"https:\/\/www.habitatgebadalona2027.cat\/es\/contacto\/\",\"url\":\"https:\/\/www.habitatgebadalona2027.cat\/es\/contacto\/\",\"name\":\"Contacto Viviendas de Protecci\u00f3n Oficial | Badalona\",\"isPartOf\":{\"@id\":\"https:\/\/www.habitatgebadalona2027.cat\/es\/#website\"},\"datePublished\":\"2020-06-10T15:27:02+00:00\",\"dateModified\":\"2026-03-19T11:43:10+00:00\",\"description\":\"Contacte con el servicio de viviendas con protecci\u00f3n oficial de Badalona para resolver dudas, tr\u00e1mites e informaci\u00f3n de acceso.\",\"breadcrumb\":{\"@id\":\"https:\/\/www.habitatgebadalona2027.cat\/es\/contacto\/#breadcrumb\"},\"inLanguage\":\"es\",\"potentialAction\":[{\"@type\":\"ReadAction\",\"target\":[\"https:\/\/www.habitatgebadalona2027.cat\/es\/contacto\/\"]}]},{\"@type\":\"BreadcrumbList\",\"@id\":\"https:\/\/www.habitatgebadalona2027.cat\/es\/contacto\/#breadcrumb\",\"itemListElement\":[{\"@type\":\"ListItem\",\"position\":1,\"name\":\"Inici\",\"item\":\"https:\/\/www.habitatgebadalona2027.cat\/es\/ciudad-de-badalona\/\"},{\"@type\":\"ListItem\",\"position\":2,\"name\":\"Contacto\"}]},{\"@type\":\"WebSite\",\"@id\":\"https:\/\/www.habitatgebadalona2027.cat\/es\/#website\",\"url\":\"https:\/\/www.habitatgebadalona2027.cat\/es\/\",\"name\":\"habitatgebadalona2027\",\"description\":\"Habitatges amb protecci\u00f3 oficial per a la ciutadania de Badalona\",\"publisher\":{\"@id\":\"https:\/\/www.habitatgebadalona2027.cat\/es\/#organization\"},\"potentialAction\":[{\"@type\":\"SearchAction\",\"target\":{\"@type\":\"EntryPoint\",\"urlTemplate\":\"https:\/\/www.habitatgebadalona2027.cat\/es\/?s={search_term_string}\"},\"query-input\":{\"@type\":\"PropertyValueSpecification\",\"valueRequired\":true,\"valueName\":\"search_term_string\"}}],\"inLanguage\":\"es\"},{\"@type\":\"Organization\",\"@id\":\"https:\/\/www.habitatgebadalona2027.cat\/es\/#organization\",\"name\":\"habitatgebadalona2027\",\"url\":\"https:\/\/www.habitatgebadalona2027.cat\/es\/\",\"logo\":{\"@type\":\"ImageObject\",\"inLanguage\":\"es\",\"@id\":\"https:\/\/www.habitatgebadalona2027.cat\/es\/#\/schema\/logo\/image\/\",\"url\":\"https:\/\/www.habitatgebadalona2027.cat\/wp-content\/uploads\/2025\/10\/logo-ajuntament-badalona.svg\",\"contentUrl\":\"https:\/\/www.habitatgebadalona2027.cat\/wp-content\/uploads\/2025\/10\/logo-ajuntament-badalona.svg\",\"width\":258,\"height\":51,\"caption\":\"habitatgebadalona2027\"},\"image\":{\"@id\":\"https:\/\/www.habitatgebadalona2027.cat\/es\/#\/schema\/logo\/image\/\"}}]}<\/script>\n<!-- \/ Yoast SEO plugin. -->","yoast_head_json":{"title":"Contacto Viviendas de Protecci\u00f3n Oficial | Badalona","description":"Contacte con el servicio de viviendas con protecci\u00f3n oficial de Badalona para resolver dudas, tr\u00e1mites e informaci\u00f3n de acceso.","robots":{"index":"index","follow":"follow","max-snippet":"max-snippet:-1","max-image-preview":"max-image-preview:large","max-video-preview":"max-video-preview:-1"},"canonical":"https:\/\/www.habitatgebadalona2027.cat\/es\/contacto\/","og_locale":"es_ES","og_type":"article","og_title":"Contacto Viviendas de Protecci\u00f3n Oficial | Badalona","og_description":"Contacte con el servicio de viviendas con protecci\u00f3n oficial de Badalona para resolver dudas, tr\u00e1mites e informaci\u00f3n de acceso.","og_url":"https:\/\/www.habitatgebadalona2027.cat\/es\/contacto\/","og_site_name":"habitatgebadalona2027","article_modified_time":"2026-03-19T11:43:10+00:00","og_image":[{"width":1623,"height":649,"url":"https:\/\/www.habitatgebadalona2027.cat\/wp-content\/uploads\/2025\/10\/City-of-Badalona.webp","type":"image\/webp"}],"twitter_card":"summary_large_image","twitter_misc":{"Tiempo de lectura":"12 minutos"},"schema":{"@context":"https:\/\/schema.org","@graph":[{"@type":"WebPage","@id":"https:\/\/www.habitatgebadalona2027.cat\/es\/contacto\/","url":"https:\/\/www.habitatgebadalona2027.cat\/es\/contacto\/","name":"Contacto Viviendas de Protecci\u00f3n Oficial | Badalona","isPartOf":{"@id":"https:\/\/www.habitatgebadalona2027.cat\/es\/#website"},"datePublished":"2020-06-10T15:27:02+00:00","dateModified":"2026-03-19T11:43:10+00:00","description":"Contacte con el servicio de viviendas con protecci\u00f3n oficial de Badalona para resolver dudas, tr\u00e1mites e informaci\u00f3n de acceso.","breadcrumb":{"@id":"https:\/\/www.habitatgebadalona2027.cat\/es\/contacto\/#breadcrumb"},"inLanguage":"es","potentialAction":[{"@type":"ReadAction","target":["https:\/\/www.habitatgebadalona2027.cat\/es\/contacto\/"]}]},{"@type":"BreadcrumbList","@id":"https:\/\/www.habitatgebadalona2027.cat\/es\/contacto\/#breadcrumb","itemListElement":[{"@type":"ListItem","position":1,"name":"Inici","item":"https:\/\/www.habitatgebadalona2027.cat\/es\/ciudad-de-badalona\/"},{"@type":"ListItem","position":2,"name":"Contacto"}]},{"@type":"WebSite","@id":"https:\/\/www.habitatgebadalona2027.cat\/es\/#website","url":"https:\/\/www.habitatgebadalona2027.cat\/es\/","name":"habitatgebadalona2027","description":"Habitatges amb protecci\u00f3 oficial per a la ciutadania de Badalona","publisher":{"@id":"https:\/\/www.habitatgebadalona2027.cat\/es\/#organization"},"potentialAction":[{"@type":"SearchAction","target":{"@type":"EntryPoint","urlTemplate":"https:\/\/www.habitatgebadalona2027.cat\/es\/?s={search_term_string}"},"query-input":{"@type":"PropertyValueSpecification","valueRequired":true,"valueName":"search_term_string"}}],"inLanguage":"es"},{"@type":"Organization","@id":"https:\/\/www.habitatgebadalona2027.cat\/es\/#organization","name":"habitatgebadalona2027","url":"https:\/\/www.habitatgebadalona2027.cat\/es\/","logo":{"@type":"ImageObject","inLanguage":"es","@id":"https:\/\/www.habitatgebadalona2027.cat\/es\/#\/schema\/logo\/image\/","url":"https:\/\/www.habitatgebadalona2027.cat\/wp-content\/uploads\/2025\/10\/logo-ajuntament-badalona.svg","contentUrl":"https:\/\/www.habitatgebadalona2027.cat\/wp-content\/uploads\/2025\/10\/logo-ajuntament-badalona.svg","width":258,"height":51,"caption":"habitatgebadalona2027"},"image":{"@id":"https:\/\/www.habitatgebadalona2027.cat\/es\/#\/schema\/logo\/image\/"}}]}},"_links":{"self":[{"href":"https:\/\/www.habitatgebadalona2027.cat\/es\/wp-json\/wp\/v2\/pages\/2195","targetHints":{"allow":["GET"]}}],"collection":[{"href":"https:\/\/www.habitatgebadalona2027.cat\/es\/wp-json\/wp\/v2\/pages"}],"about":[{"href":"https:\/\/www.habitatgebadalona2027.cat\/es\/wp-json\/wp\/v2\/types\/page"}],"author":[{"embeddable":true,"href":"https:\/\/www.habitatgebadalona2027.cat\/es\/wp-json\/wp\/v2\/users\/1"}],"replies":[{"embeddable":true,"href":"https:\/\/www.habitatgebadalona2027.cat\/es\/wp-json\/wp\/v2\/comments?post=2195"}],"version-history":[{"count":4,"href":"https:\/\/www.habitatgebadalona2027.cat\/es\/wp-json\/wp\/v2\/pages\/2195\/revisions"}],"predecessor-version":[{"id":2425,"href":"https:\/\/www.habitatgebadalona2027.cat\/es\/wp-json\/wp\/v2\/pages\/2195\/revisions\/2425"}],"wp:attachment":[{"href":"https:\/\/www.habitatgebadalona2027.cat\/es\/wp-json\/wp\/v2\/media?parent=2195"}],"curies":[{"name":"wp","href":"https:\/\/api.w.org\/{rel}","templated":true}]}}