{"id":2199,"date":"2025-11-25T16:19:26","date_gmt":"2025-11-25T15:19:26","guid":{"rendered":"https:\/\/www.habitatgebadalona2027.cat\/aviso-legal\/"},"modified":"2026-01-19T13:44:42","modified_gmt":"2026-01-19T12:44:42","slug":"aviso-legal","status":"publish","type":"page","link":"https:\/\/www.habitatgebadalona2027.cat\/es\/aviso-legal\/","title":{"rendered":"Aviso Legal"},"content":{"rendered":"<div class=\"fusion-fullwidth fullwidth-box fusion-builder-row-1 fusion-flex-container has-pattern-background has-mask-background nonhundred-percent-fullwidth non-hundred-percent-height-scrolling\" style=\"--awb-border-radius-top-left:0px;--awb-border-radius-top-right:0px;--awb-border-radius-bottom-right:0px;--awb-border-radius-bottom-left:0px;--awb-flex-wrap:wrap;\" ><div class=\"fusion-builder-row fusion-row fusion-flex-align-items-flex-start fusion-flex-content-wrap\" style=\"max-width:1397.4px;margin-left: calc(-2% \/ 2 );margin-right: calc(-2% \/ 2 );\"><div class=\"fusion-layout-column fusion_builder_column fusion-builder-column-0 fusion_builder_column_1_1 1_1 fusion-flex-column\" style=\"--awb-bg-size:cover;--awb-width-large:100%;--awb-margin-top-large:0px;--awb-spacing-right-large:0.98%;--awb-margin-bottom-large:20px;--awb-spacing-left-large:0.98%;--awb-width-medium:100%;--awb-order-medium:0;--awb-spacing-right-medium:0.98%;--awb-spacing-left-medium:0.98%;--awb-width-small:100%;--awb-order-small:0;--awb-spacing-right-small:0.98%;--awb-spacing-left-small:0.98%;\"><div class=\"fusion-column-wrapper fusion-column-has-shadow fusion-flex-justify-content-flex-start fusion-content-layout-column\"><div class=\"fusion-text fusion-text-1\"><h1>AVISO LEGAL<\/h1>\n<p>En cumplimiento del establecido por la Ley 34\/2002 de 11 de julio, de los servicios de la sociedad de la informaci\u00f3n y e-commerce (LSSICE) informamos que este sitio web es propiedad de la mercantil ENGESTUR, S. a. inscrita en el Registro Mercantil de Barcelona en el volumen 7548, libro 6814, secci\u00f3n 2\u00aa, Folio 62, Hoja 86967, Inscripci\u00f3n 1\u00aa, con domicilio social en Calle Liszt,36 de 08917 Badalona y N\u00famero de identificaci\u00f3n fiscal A-58187725.<\/p>\n<p>La titularidad del dominio olh.cat corresponde a ENGESTUR, S. a.<\/p>\n<p>El uso de esta p\u00e1gina web atribuye la condici\u00f3n de usuario de la misma e implica la aceptaci\u00f3n sin reservas de las disposiciones incluidas en este Aviso Legal en el momento que el usuario acceda en la web. El acceso a los contenidos de este sitio web est\u00e1n prohibidos a menores.<\/p>\n<p>El usuario se compromete a utilizar la p\u00e1gina web, sus contenidos y servicios, de conformidad con la ley, con este Aviso Legal y con las instrucciones y reglamentos de uso, adem\u00e1s de con la moral y las buenas costumbres generalmente aceptadas y el orden p\u00fablico. En este mismo sentido el usuario se abstendr\u00e1 de utilizar cualquier informaci\u00f3n contenida en la web con fines il\u00edcitas, prohibidos y lesivos de los derechos e intereses de terceros.<\/p>\n<p>La p\u00e1gina web puede ser visitada libremente por los usuarios correspondiente a estos la responsabilidad del uso de la informaci\u00f3n contenida en la misma.<\/p>\n<p>ENGESTUR, S. a. no garantiza la disponibilidad permanente de los contenidos de la web quedando exonerada de cualquier tipo de responsabilidad por da\u00f1os y perjuicios causados por la indisponibilidad del servicio y se reserva el derecho de actualizar el contenido de la p\u00e1gina web y eliminarlos, as\u00ed como limitar e impedir el acceso, ya sea temporalmente o de forma definitiva, sin notificaci\u00f3n previa.<\/p>\n<p>La reproducci\u00f3n, copia, ya sea total o parcial, distribuci\u00f3n, comercializaci\u00f3n, comunicaci\u00f3n p\u00fablica o cualquier otra actividad que se pueda realizar con los contenidos y la informaci\u00f3n de esta p\u00e1gina web debe contar con el consentimiento expreso de ENGESTUR, S. A. El incumplimiento de esta obligaci\u00f3n puede ser considerado una infracci\u00f3n que puede estar castigada por la legislaci\u00f3n vigente.<\/p>\n<p>ENGESTUR, S. A. rechaza cualquier responsabilidad sobre la informaci\u00f3n contenida en p\u00e1ginas web no elaboradas bajo su tutela y especialmente sobre los contenidos de los posibles enlaces publicados en su p\u00e1gina web.<\/p>\n<p>ENGESTUR, S. A. queda eximida de responsabilidad por da\u00f1os y perjuicios de toda naturaleza que puedan derivarse de la captaci\u00f3n y uso por parte de terceros de las informaciones, de la publicidad y de las opiniones facilitadas por los usuarios de la p\u00e1gina web y no se hace responsable de ning\u00fan modo de los contenidos, informaciones o im\u00e1genes que no dependan de la p\u00e1gina web, ni est\u00e9n gestionados por la misma.<\/p>\n<p>Los contenidos de la web est\u00e1n sujetos a los derechos de propiedad intelectual e industrial y son titularidad exclusiva de ENGESTUR, S.A. o de las personas f\u00edsicas o jur\u00eddicas que la forman. La adquisici\u00f3n de la condici\u00f3n de usuario no confiere a este ning\u00fan derecho de alteraci\u00f3n, explotaci\u00f3n, reproducci\u00f3n, distribuci\u00f3n o comunicaci\u00f3n p\u00fablica sobre los contenidos, reserv\u00e1ndose todos estos derechos<\/p>\n<p>ENGESTUR, S. A. La propiedad intelectual se entiende, adem\u00e1s de los contenidos incluidos en www.engestur.cat, sus logotipos, dise\u00f1os, im\u00e1genes y c\u00f3digo fuente utilizado para la programaci\u00f3n.<\/p>\n<p>Todas las notificaciones, requerimientos, peticiones y dem\u00e1s comunicaciones que deban efectuarse en relaci\u00f3n con este Aviso Legal deber\u00e1n realizarse por escrito y remitirse al domicilio de ENGESTUR, S. A. anteriormente indicado.<\/p>\n<\/div><\/div><\/div><\/div><\/div>\n","protected":false},"excerpt":{"rendered":"","protected":false},"author":1,"featured_media":0,"parent":0,"menu_order":0,"comment_status":"closed","ping_status":"closed","template":"","meta":{"footnotes":""},"class_list":["post-2199","page","type-page","status-publish","hentry"],"yoast_head":"<!-- This site is optimized with the Yoast SEO plugin v26.4 - https:\/\/yoast.com\/wordpress\/plugins\/seo\/ -->\n<title>Aviso Legal - habitatgebadalona2027<\/title>\n<meta name=\"robots\" content=\"noindex, nofollow\" \/>\n<meta property=\"og:locale\" content=\"es_ES\" \/>\n<meta property=\"og:type\" content=\"article\" \/>\n<meta property=\"og:title\" content=\"Aviso Legal - habitatgebadalona2027\" \/>\n<meta property=\"og:url\" content=\"https:\/\/www.habitatgebadalona2027.cat\/es\/aviso-legal\/\" \/>\n<meta property=\"og:site_name\" content=\"habitatgebadalona2027\" \/>\n<meta property=\"article:modified_time\" content=\"2026-01-19T12:44:42+00:00\" \/>\n<meta property=\"og:image\" content=\"https:\/\/www.habitatgebadalona2027.cat\/wp-content\/uploads\/2025\/10\/City-of-Badalona.webp\" \/>\n\t<meta property=\"og:image:width\" content=\"1623\" \/>\n\t<meta property=\"og:image:height\" content=\"649\" \/>\n\t<meta property=\"og:image:type\" content=\"image\/webp\" \/>\n<meta name=\"twitter:card\" content=\"summary_large_image\" \/>\n<meta name=\"twitter:label1\" content=\"Tiempo de lectura\" \/>\n\t<meta name=\"twitter:data1\" content=\"7 minutos\" \/>\n<script type=\"application\/ld+json\" class=\"yoast-schema-graph\">{\"@context\":\"https:\/\/schema.org\",\"@graph\":[{\"@type\":\"WebPage\",\"@id\":\"https:\/\/www.habitatgebadalona2027.cat\/es\/aviso-legal\/\",\"url\":\"https:\/\/www.habitatgebadalona2027.cat\/es\/aviso-legal\/\",\"name\":\"Aviso Legal - habitatgebadalona2027\",\"isPartOf\":{\"@id\":\"https:\/\/www.habitatgebadalona2027.cat\/es\/#website\"},\"datePublished\":\"2025-11-25T15:19:26+00:00\",\"dateModified\":\"2026-01-19T12:44:42+00:00\",\"breadcrumb\":{\"@id\":\"https:\/\/www.habitatgebadalona2027.cat\/es\/aviso-legal\/#breadcrumb\"},\"inLanguage\":\"es\",\"potentialAction\":[{\"@type\":\"ReadAction\",\"target\":[\"https:\/\/www.habitatgebadalona2027.cat\/es\/aviso-legal\/\"]}]},{\"@type\":\"BreadcrumbList\",\"@id\":\"https:\/\/www.habitatgebadalona2027.cat\/es\/aviso-legal\/#breadcrumb\",\"itemListElement\":[{\"@type\":\"ListItem\",\"position\":1,\"name\":\"Inici\",\"item\":\"https:\/\/www.habitatgebadalona2027.cat\/es\/ciudad-de-badalona\/\"},{\"@type\":\"ListItem\",\"position\":2,\"name\":\"Aviso Legal\"}]},{\"@type\":\"WebSite\",\"@id\":\"https:\/\/www.habitatgebadalona2027.cat\/es\/#website\",\"url\":\"https:\/\/www.habitatgebadalona2027.cat\/es\/\",\"name\":\"habitatgebadalona2027\",\"description\":\"Habitatges amb protecci\u00f3 oficial per a la ciutadania de Badalona\",\"publisher\":{\"@id\":\"https:\/\/www.habitatgebadalona2027.cat\/es\/#organization\"},\"potentialAction\":[{\"@type\":\"SearchAction\",\"target\":{\"@type\":\"EntryPoint\",\"urlTemplate\":\"https:\/\/www.habitatgebadalona2027.cat\/es\/?s={search_term_string}\"},\"query-input\":{\"@type\":\"PropertyValueSpecification\",\"valueRequired\":true,\"valueName\":\"search_term_string\"}}],\"inLanguage\":\"es\"},{\"@type\":\"Organization\",\"@id\":\"https:\/\/www.habitatgebadalona2027.cat\/es\/#organization\",\"name\":\"habitatgebadalona2027\",\"url\":\"https:\/\/www.habitatgebadalona2027.cat\/es\/\",\"logo\":{\"@type\":\"ImageObject\",\"inLanguage\":\"es\",\"@id\":\"https:\/\/www.habitatgebadalona2027.cat\/es\/#\/schema\/logo\/image\/\",\"url\":\"https:\/\/www.habitatgebadalona2027.cat\/wp-content\/uploads\/2025\/10\/logo-ajuntament-badalona.svg\",\"contentUrl\":\"https:\/\/www.habitatgebadalona2027.cat\/wp-content\/uploads\/2025\/10\/logo-ajuntament-badalona.svg\",\"width\":258,\"height\":51,\"caption\":\"habitatgebadalona2027\"},\"image\":{\"@id\":\"https:\/\/www.habitatgebadalona2027.cat\/es\/#\/schema\/logo\/image\/\"}}]}<\/script>\n<!-- \/ Yoast SEO plugin. -->","yoast_head_json":{"title":"Aviso Legal - habitatgebadalona2027","robots":{"index":"noindex","follow":"nofollow"},"og_locale":"es_ES","og_type":"article","og_title":"Aviso Legal - habitatgebadalona2027","og_url":"https:\/\/www.habitatgebadalona2027.cat\/es\/aviso-legal\/","og_site_name":"habitatgebadalona2027","article_modified_time":"2026-01-19T12:44:42+00:00","og_image":[{"width":1623,"height":649,"url":"https:\/\/www.habitatgebadalona2027.cat\/wp-content\/uploads\/2025\/10\/City-of-Badalona.webp","type":"image\/webp"}],"twitter_card":"summary_large_image","twitter_misc":{"Tiempo de lectura":"7 minutos"},"schema":{"@context":"https:\/\/schema.org","@graph":[{"@type":"WebPage","@id":"https:\/\/www.habitatgebadalona2027.cat\/es\/aviso-legal\/","url":"https:\/\/www.habitatgebadalona2027.cat\/es\/aviso-legal\/","name":"Aviso Legal - habitatgebadalona2027","isPartOf":{"@id":"https:\/\/www.habitatgebadalona2027.cat\/es\/#website"},"datePublished":"2025-11-25T15:19:26+00:00","dateModified":"2026-01-19T12:44:42+00:00","breadcrumb":{"@id":"https:\/\/www.habitatgebadalona2027.cat\/es\/aviso-legal\/#breadcrumb"},"inLanguage":"es","potentialAction":[{"@type":"ReadAction","target":["https:\/\/www.habitatgebadalona2027.cat\/es\/aviso-legal\/"]}]},{"@type":"BreadcrumbList","@id":"https:\/\/www.habitatgebadalona2027.cat\/es\/aviso-legal\/#breadcrumb","itemListElement":[{"@type":"ListItem","position":1,"name":"Inici","item":"https:\/\/www.habitatgebadalona2027.cat\/es\/ciudad-de-badalona\/"},{"@type":"ListItem","position":2,"name":"Aviso Legal"}]},{"@type":"WebSite","@id":"https:\/\/www.habitatgebadalona2027.cat\/es\/#website","url":"https:\/\/www.habitatgebadalona2027.cat\/es\/","name":"habitatgebadalona2027","description":"Habitatges amb protecci\u00f3 oficial per a la ciutadania de Badalona","publisher":{"@id":"https:\/\/www.habitatgebadalona2027.cat\/es\/#organization"},"potentialAction":[{"@type":"SearchAction","target":{"@type":"EntryPoint","urlTemplate":"https:\/\/www.habitatgebadalona2027.cat\/es\/?s={search_term_string}"},"query-input":{"@type":"PropertyValueSpecification","valueRequired":true,"valueName":"search_term_string"}}],"inLanguage":"es"},{"@type":"Organization","@id":"https:\/\/www.habitatgebadalona2027.cat\/es\/#organization","name":"habitatgebadalona2027","url":"https:\/\/www.habitatgebadalona2027.cat\/es\/","logo":{"@type":"ImageObject","inLanguage":"es","@id":"https:\/\/www.habitatgebadalona2027.cat\/es\/#\/schema\/logo\/image\/","url":"https:\/\/www.habitatgebadalona2027.cat\/wp-content\/uploads\/2025\/10\/logo-ajuntament-badalona.svg","contentUrl":"https:\/\/www.habitatgebadalona2027.cat\/wp-content\/uploads\/2025\/10\/logo-ajuntament-badalona.svg","width":258,"height":51,"caption":"habitatgebadalona2027"},"image":{"@id":"https:\/\/www.habitatgebadalona2027.cat\/es\/#\/schema\/logo\/image\/"}}]}},"_links":{"self":[{"href":"https:\/\/www.habitatgebadalona2027.cat\/es\/wp-json\/wp\/v2\/pages\/2199","targetHints":{"allow":["GET"]}}],"collection":[{"href":"https:\/\/www.habitatgebadalona2027.cat\/es\/wp-json\/wp\/v2\/pages"}],"about":[{"href":"https:\/\/www.habitatgebadalona2027.cat\/es\/wp-json\/wp\/v2\/types\/page"}],"author":[{"embeddable":true,"href":"https:\/\/www.habitatgebadalona2027.cat\/es\/wp-json\/wp\/v2\/users\/1"}],"replies":[{"embeddable":true,"href":"https:\/\/www.habitatgebadalona2027.cat\/es\/wp-json\/wp\/v2\/comments?post=2199"}],"version-history":[{"count":2,"href":"https:\/\/www.habitatgebadalona2027.cat\/es\/wp-json\/wp\/v2\/pages\/2199\/revisions"}],"predecessor-version":[{"id":2201,"href":"https:\/\/www.habitatgebadalona2027.cat\/es\/wp-json\/wp\/v2\/pages\/2199\/revisions\/2201"}],"wp:attachment":[{"href":"https:\/\/www.habitatgebadalona2027.cat\/es\/wp-json\/wp\/v2\/media?parent=2199"}],"curies":[{"name":"wp","href":"https:\/\/api.w.org\/{rel}","templated":true}]}}