{"id":2244,"date":"2025-11-25T16:07:28","date_gmt":"2025-11-25T15:07:28","guid":{"rendered":"https:\/\/www.habitatgebadalona2027.cat\/politica-de-privacidad\/"},"modified":"2026-01-19T16:36:27","modified_gmt":"2026-01-19T15:36:27","slug":"politica-de-privacidad","status":"publish","type":"page","link":"https:\/\/www.habitatgebadalona2027.cat\/es\/politica-de-privacidad\/","title":{"rendered":"Pol\u00edtica de Privacidad"},"content":{"rendered":"<div class=\"fusion-fullwidth fullwidth-box fusion-builder-row-1 fusion-flex-container has-pattern-background has-mask-background nonhundred-percent-fullwidth non-hundred-percent-height-scrolling\" style=\"--awb-border-radius-top-left:0px;--awb-border-radius-top-right:0px;--awb-border-radius-bottom-right:0px;--awb-border-radius-bottom-left:0px;--awb-flex-wrap:wrap;\" ><div class=\"fusion-builder-row fusion-row fusion-flex-align-items-flex-start fusion-flex-content-wrap\" style=\"max-width:1397.4px;margin-left: calc(-2% \/ 2 );margin-right: calc(-2% \/ 2 );\"><div class=\"fusion-layout-column fusion_builder_column fusion-builder-column-0 fusion_builder_column_1_1 1_1 fusion-flex-column\" style=\"--awb-bg-size:cover;--awb-width-large:100%;--awb-margin-top-large:0px;--awb-spacing-right-large:0.98%;--awb-margin-bottom-large:20px;--awb-spacing-left-large:0.98%;--awb-width-medium:100%;--awb-order-medium:0;--awb-spacing-right-medium:0.98%;--awb-spacing-left-medium:0.98%;--awb-width-small:100%;--awb-order-small:0;--awb-spacing-right-small:0.98%;--awb-spacing-left-small:0.98%;\"><div class=\"fusion-column-wrapper fusion-column-has-shadow fusion-flex-justify-content-flex-start fusion-content-layout-column\"><div class=\"fusion-text fusion-text-1\"><h1>Protecci\u00f3n de datos personales<\/h1>\n<p>Para poder participar en el procedimiento de solicitud, verificaci\u00f3n, sorteo y adjudicaci\u00f3n de viviendas con protecci\u00f3n oficial, es necesario tratar los datos personales aportados por las personas participantes, las cuales son responsables de la veracidad de la documentaci\u00f3n presentada.<\/p>\n<p>En aplicaci\u00f3n de la Ley 39\/2015 del procedimiento administrativo com\u00fan de las administraciones p\u00fablicas, la Oficina Local de Vivienda de Badalona comunicar\u00e1 sus datos a otras administraciones p\u00fablicas y entidades por:<\/p>\n<ul>\n<li>Comprobar que cumplen los requisitos exigidos a efectos de empadronamiento, ingresos, vida laboral y de posesi\u00f3n de viviendas, por los casos de solicitudes que lo requieran.<\/li>\n<li>Comprobar, con posterioridad a la entrega de la vivienda, que se siguen cumpliendo las condiciones establecidas en esta promoci\u00f3n (titularidad y ocupaci\u00f3n).<\/li>\n<\/ul>\n<p>En caso de que la persona participando o adjudicataria se oponga a estas comunicaciones, tendr\u00e1 que indicarlo expresamente y aportar personalmente toda la documentaci\u00f3n requerida.<\/p>\n<p>Los participantes son informados que las iniciales de su nombre y apellidos y\/o su documento de identidad o NIE anonimizado, ser\u00e1n expuestos y publicados en las diferentes listas provisionales y definitivas de participantes y adjudicatarios en el web de la Oficina Local de Vivienda de Badalona y del Ayuntamiento en cumplimiento de la Ley 19\/2014, del 29 de diciembre, de transparencia, acceso a la informaci\u00f3n p\u00fablica y buen gobierno.<\/p>\n<h3>Actividades del tratamiento:<\/h3>\n<p>Procedimiento de registro, verificaci\u00f3n de requisitos, sorteo, adjudicaci\u00f3n y gesti\u00f3n de viviendas con protecci\u00f3n oficial.<\/p>\n<h3>Responsable del tratamiento:<\/h3>\n<p><strong>Ag\u00e8ncia de l\u2019Habitatge de Catalunya (AHC)<\/strong><br \/>\nC\/ Diputaci\u00f3n 92, 08015 Barcelona<br \/>\nTel. 93 228 71 00<br \/>\nprotdades.ahc@gencat.cat<br \/>\nagenciahabitatge.gencat.cat <\/p>\n<p>El Ayuntamiento de Badalona act\u00faa como encargado del tratamiento y la Oficina Local de Vivienda de Badalona (ENTE DE GESTI\u00d3N URBAN\u00cdSTICA, S.A.) como subencargada en la gesti\u00f3n operativa del procedimiento.<\/p>\n<h3>Delegado\/da de protecci\u00f3n de datos:<\/h3>\n<p>dpo.ahc@gencat.cat<br \/>\nC\/ Diputaci\u00f3n 92, 08015 Barcelona<br \/>\nTel. 93 228 71 00<\/p>\n<h3>Finalidad del tratamiento:<\/h3>\n<p>Gesti\u00f3n del procedimiento de solicitud, verificaci\u00f3n documental, sorteo, adjudicaci\u00f3n y seguimiento de las condiciones de ocupaci\u00f3n de las viviendas protegidas. M\u00e1s informaci\u00f3n disponible al registro de actividades de tratamiento del AHC. <\/p>\n<h3>Base jur\u00eddica:<\/h3>\n<p>Misi\u00f3n realizada en inter\u00e9s p\u00fablico y ejercicio de competencias p\u00fablicas en materia de vivienda (arte. 6.1.e RGPD). Cumplimiento de obligaciones legales aplicables (arte. 6.1.c RGPD). <\/p>\n<h3>Destinatarios:<\/h3>\n<p>Administraciones p\u00fablicas competentes (AEAT, INSS, ZOCO, SEPE, Polic\u00eda, Catastro, etc.) exclusivamente para verificaciones necesarias del procedimiento. No se prev\u00e9n transferencias internacionales. <\/p>\n<h3>Derechos de las personas:<\/h3>\n<p>Pod\u00e9is ejercer los derechos de acceso, rectificaci\u00f3n, supresi\u00f3n, oposici\u00f3n, limitaci\u00f3n y portabilidad enviando una solicitud a: compliance.dpd@engestur.cat<\/p>\n<p>Para tramitar correctamente vuestra solicitud, hace falta que esta incluya:<\/p>\n<ul>\n<li>Nombre y apellidos de la persona interesada.<\/li>\n<li>Copia del DNI o documento equivaliendo (puede ser sustituido por cualquier medio v\u00e1lido en derecho que acredite la identidad).<\/li>\n<li>En caso de representaci\u00f3n, documento acreditativo e identificaci\u00f3n de la persona representando.<\/li>\n<li>Petici\u00f3n concreta y los motivos de la solicitud.<\/li>\n<li>Domicilio o correo electr\u00f3nico a efectos de notificaciones.<\/li>\n<li>Fecha y firma.<\/li>\n<li>Documentaci\u00f3n acreditativa, si procede.<\/li>\n<\/ul>\n<p>Tambi\u00e9n pod\u00e9is dirigiros directamente al Delegado de Protecci\u00f3n de Datos del AHC: dpo.ahc@gencat.cat<\/p>\n<h3>Plazo de conservaci\u00f3n:<\/h3>\n<p>Los datos se conservar\u00e1n el tiempo necesario para la gesti\u00f3n del procedimiento y seg\u00fan los plazos de conservaci\u00f3n establecidos por la normativa aplicable. M\u00e1s informaci\u00f3n al registro de actividades de tratamiento del AHC. <\/p>\n<h3>Reclamaciones:<\/h3>\n<p>Pod\u00e9is presentar una reclamaci\u00f3n previa ante el DPD del AHC (dpo.ahc@gencat.cat). Si no queda resuelta, pod\u00e9is dirigiros a la Autoridad Catalana de Protecci\u00f3n de Datos (APDCAT). <\/p>\n<h3>Publicaci\u00f3n y difusi\u00f3n:<\/h3>\n<p>Los datos de los adjudicatarios\/se podr\u00e1n publicarse en el portal web de la Oficina Local de Vivienda de Badalona, en las redes sociales y a diferentes medios de comunicaci\u00f3n para la difusi\u00f3n de la actividad.<\/p>\n<p>Para mayor informaci\u00f3n sobre el tratamiento de los datos personales relacionados con este procedimiento, pod\u00e9is consultar el Registro de Actividades de Tratamiento de la Agencia de la Vivienda de Catalu\u00f1a.<\/p>\n<\/div><\/div><\/div><\/div><\/div>\n","protected":false},"excerpt":{"rendered":"","protected":false},"author":1,"featured_media":0,"parent":0,"menu_order":0,"comment_status":"closed","ping_status":"closed","template":"","meta":{"footnotes":""},"class_list":["post-2244","page","type-page","status-publish","hentry"],"yoast_head":"<!-- This site is optimized with the Yoast SEO plugin v26.4 - https:\/\/yoast.com\/wordpress\/plugins\/seo\/ -->\n<title>Pol\u00edtica de Privacidad - habitatgebadalona2027<\/title>\n<meta name=\"robots\" content=\"noindex, nofollow\" \/>\n<meta property=\"og:locale\" content=\"es_ES\" \/>\n<meta property=\"og:type\" content=\"article\" \/>\n<meta property=\"og:title\" content=\"Pol\u00edtica de Privacidad - habitatgebadalona2027\" \/>\n<meta property=\"og:url\" content=\"https:\/\/www.habitatgebadalona2027.cat\/es\/politica-de-privacidad\/\" \/>\n<meta property=\"og:site_name\" content=\"habitatgebadalona2027\" \/>\n<meta property=\"article:modified_time\" content=\"2026-01-19T15:36:27+00:00\" \/>\n<meta property=\"og:image\" content=\"https:\/\/www.habitatgebadalona2027.cat\/wp-content\/uploads\/2025\/10\/City-of-Badalona.webp\" \/>\n\t<meta property=\"og:image:width\" content=\"1623\" \/>\n\t<meta property=\"og:image:height\" content=\"649\" \/>\n\t<meta property=\"og:image:type\" content=\"image\/webp\" \/>\n<meta name=\"twitter:card\" content=\"summary_large_image\" \/>\n<meta name=\"twitter:label1\" content=\"Tiempo de lectura\" \/>\n\t<meta name=\"twitter:data1\" content=\"7 minutos\" \/>\n<script type=\"application\/ld+json\" class=\"yoast-schema-graph\">{\"@context\":\"https:\/\/schema.org\",\"@graph\":[{\"@type\":\"WebPage\",\"@id\":\"https:\/\/www.habitatgebadalona2027.cat\/es\/politica-de-privacidad\/\",\"url\":\"https:\/\/www.habitatgebadalona2027.cat\/es\/politica-de-privacidad\/\",\"name\":\"Pol\u00edtica de Privacidad - habitatgebadalona2027\",\"isPartOf\":{\"@id\":\"https:\/\/www.habitatgebadalona2027.cat\/es\/#website\"},\"datePublished\":\"2025-11-25T15:07:28+00:00\",\"dateModified\":\"2026-01-19T15:36:27+00:00\",\"breadcrumb\":{\"@id\":\"https:\/\/www.habitatgebadalona2027.cat\/es\/politica-de-privacidad\/#breadcrumb\"},\"inLanguage\":\"es\",\"potentialAction\":[{\"@type\":\"ReadAction\",\"target\":[\"https:\/\/www.habitatgebadalona2027.cat\/es\/politica-de-privacidad\/\"]}]},{\"@type\":\"BreadcrumbList\",\"@id\":\"https:\/\/www.habitatgebadalona2027.cat\/es\/politica-de-privacidad\/#breadcrumb\",\"itemListElement\":[{\"@type\":\"ListItem\",\"position\":1,\"name\":\"Inici\",\"item\":\"https:\/\/www.habitatgebadalona2027.cat\/es\/ciudad-de-badalona\/\"},{\"@type\":\"ListItem\",\"position\":2,\"name\":\"Pol\u00edtica de Privacidad\"}]},{\"@type\":\"WebSite\",\"@id\":\"https:\/\/www.habitatgebadalona2027.cat\/es\/#website\",\"url\":\"https:\/\/www.habitatgebadalona2027.cat\/es\/\",\"name\":\"habitatgebadalona2027\",\"description\":\"Habitatges amb protecci\u00f3 oficial per a la ciutadania de Badalona\",\"publisher\":{\"@id\":\"https:\/\/www.habitatgebadalona2027.cat\/es\/#organization\"},\"potentialAction\":[{\"@type\":\"SearchAction\",\"target\":{\"@type\":\"EntryPoint\",\"urlTemplate\":\"https:\/\/www.habitatgebadalona2027.cat\/es\/?s={search_term_string}\"},\"query-input\":{\"@type\":\"PropertyValueSpecification\",\"valueRequired\":true,\"valueName\":\"search_term_string\"}}],\"inLanguage\":\"es\"},{\"@type\":\"Organization\",\"@id\":\"https:\/\/www.habitatgebadalona2027.cat\/es\/#organization\",\"name\":\"habitatgebadalona2027\",\"url\":\"https:\/\/www.habitatgebadalona2027.cat\/es\/\",\"logo\":{\"@type\":\"ImageObject\",\"inLanguage\":\"es\",\"@id\":\"https:\/\/www.habitatgebadalona2027.cat\/es\/#\/schema\/logo\/image\/\",\"url\":\"https:\/\/www.habitatgebadalona2027.cat\/wp-content\/uploads\/2025\/10\/logo-ajuntament-badalona.svg\",\"contentUrl\":\"https:\/\/www.habitatgebadalona2027.cat\/wp-content\/uploads\/2025\/10\/logo-ajuntament-badalona.svg\",\"width\":258,\"height\":51,\"caption\":\"habitatgebadalona2027\"},\"image\":{\"@id\":\"https:\/\/www.habitatgebadalona2027.cat\/es\/#\/schema\/logo\/image\/\"}}]}<\/script>\n<!-- \/ Yoast SEO plugin. -->","yoast_head_json":{"title":"Pol\u00edtica de Privacidad - habitatgebadalona2027","robots":{"index":"noindex","follow":"nofollow"},"og_locale":"es_ES","og_type":"article","og_title":"Pol\u00edtica de Privacidad - habitatgebadalona2027","og_url":"https:\/\/www.habitatgebadalona2027.cat\/es\/politica-de-privacidad\/","og_site_name":"habitatgebadalona2027","article_modified_time":"2026-01-19T15:36:27+00:00","og_image":[{"width":1623,"height":649,"url":"https:\/\/www.habitatgebadalona2027.cat\/wp-content\/uploads\/2025\/10\/City-of-Badalona.webp","type":"image\/webp"}],"twitter_card":"summary_large_image","twitter_misc":{"Tiempo de lectura":"7 minutos"},"schema":{"@context":"https:\/\/schema.org","@graph":[{"@type":"WebPage","@id":"https:\/\/www.habitatgebadalona2027.cat\/es\/politica-de-privacidad\/","url":"https:\/\/www.habitatgebadalona2027.cat\/es\/politica-de-privacidad\/","name":"Pol\u00edtica de Privacidad - habitatgebadalona2027","isPartOf":{"@id":"https:\/\/www.habitatgebadalona2027.cat\/es\/#website"},"datePublished":"2025-11-25T15:07:28+00:00","dateModified":"2026-01-19T15:36:27+00:00","breadcrumb":{"@id":"https:\/\/www.habitatgebadalona2027.cat\/es\/politica-de-privacidad\/#breadcrumb"},"inLanguage":"es","potentialAction":[{"@type":"ReadAction","target":["https:\/\/www.habitatgebadalona2027.cat\/es\/politica-de-privacidad\/"]}]},{"@type":"BreadcrumbList","@id":"https:\/\/www.habitatgebadalona2027.cat\/es\/politica-de-privacidad\/#breadcrumb","itemListElement":[{"@type":"ListItem","position":1,"name":"Inici","item":"https:\/\/www.habitatgebadalona2027.cat\/es\/ciudad-de-badalona\/"},{"@type":"ListItem","position":2,"name":"Pol\u00edtica de Privacidad"}]},{"@type":"WebSite","@id":"https:\/\/www.habitatgebadalona2027.cat\/es\/#website","url":"https:\/\/www.habitatgebadalona2027.cat\/es\/","name":"habitatgebadalona2027","description":"Habitatges amb protecci\u00f3 oficial per a la ciutadania de Badalona","publisher":{"@id":"https:\/\/www.habitatgebadalona2027.cat\/es\/#organization"},"potentialAction":[{"@type":"SearchAction","target":{"@type":"EntryPoint","urlTemplate":"https:\/\/www.habitatgebadalona2027.cat\/es\/?s={search_term_string}"},"query-input":{"@type":"PropertyValueSpecification","valueRequired":true,"valueName":"search_term_string"}}],"inLanguage":"es"},{"@type":"Organization","@id":"https:\/\/www.habitatgebadalona2027.cat\/es\/#organization","name":"habitatgebadalona2027","url":"https:\/\/www.habitatgebadalona2027.cat\/es\/","logo":{"@type":"ImageObject","inLanguage":"es","@id":"https:\/\/www.habitatgebadalona2027.cat\/es\/#\/schema\/logo\/image\/","url":"https:\/\/www.habitatgebadalona2027.cat\/wp-content\/uploads\/2025\/10\/logo-ajuntament-badalona.svg","contentUrl":"https:\/\/www.habitatgebadalona2027.cat\/wp-content\/uploads\/2025\/10\/logo-ajuntament-badalona.svg","width":258,"height":51,"caption":"habitatgebadalona2027"},"image":{"@id":"https:\/\/www.habitatgebadalona2027.cat\/es\/#\/schema\/logo\/image\/"}}]}},"_links":{"self":[{"href":"https:\/\/www.habitatgebadalona2027.cat\/es\/wp-json\/wp\/v2\/pages\/2244","targetHints":{"allow":["GET"]}}],"collection":[{"href":"https:\/\/www.habitatgebadalona2027.cat\/es\/wp-json\/wp\/v2\/pages"}],"about":[{"href":"https:\/\/www.habitatgebadalona2027.cat\/es\/wp-json\/wp\/v2\/types\/page"}],"author":[{"embeddable":true,"href":"https:\/\/www.habitatgebadalona2027.cat\/es\/wp-json\/wp\/v2\/users\/1"}],"replies":[{"embeddable":true,"href":"https:\/\/www.habitatgebadalona2027.cat\/es\/wp-json\/wp\/v2\/comments?post=2244"}],"version-history":[{"count":4,"href":"https:\/\/www.habitatgebadalona2027.cat\/es\/wp-json\/wp\/v2\/pages\/2244\/revisions"}],"predecessor-version":[{"id":2248,"href":"https:\/\/www.habitatgebadalona2027.cat\/es\/wp-json\/wp\/v2\/pages\/2244\/revisions\/2248"}],"wp:attachment":[{"href":"https:\/\/www.habitatgebadalona2027.cat\/es\/wp-json\/wp\/v2\/media?parent=2244"}],"curies":[{"name":"wp","href":"https:\/\/api.w.org\/{rel}","templated":true}]}}